{"id":7,"date":"2012-04-17T21:30:06","date_gmt":"2012-04-17T19:30:06","guid":{"rendered":"http:\/\/ebbarpsby.se\/vag\/?page_id=7"},"modified":"2023-09-24T17:51:24","modified_gmt":"2023-09-24T17:51:24","slug":"styrelsen","status":"publish","type":"page","link":"http:\/\/ebbarpsby.se\/vag\/styrelsen\/","title":{"rendered":"Styrelsen"},"content":{"rendered":"<h2>Ordf\u00f6rande<\/h2>\n<p>Stellan Karlsson<br \/>\n<a href=\"mailto:ebbarpsby@gmail.com\">ebbarpsby@gmail.com<\/a><br \/>\nTelefon 076 792 08 49<\/p>\n<h2>Kass\u00f6r<\/h2>\n<p>Claes-Henric Arenblom<\/p>\n<h2>Ordinarie ledam\u00f6ter<\/h2>\n<p>G\u00f6ran Isaksson<br \/>\nGunnar Skogh<br \/>\nMagnus Juv\u00e9n<\/p>\n<h2>Suppleanter<\/h2>\n<p>Per-Olof Arenblom<br \/>\nJonas Gustavsson<\/p>\n<h2>V\u00e4gunderh\u00e5ll<\/h2>\n<p><strong>Sn\u00f6skottning:<\/strong> G\u00f6ran Isaksson<br \/>\n<strong>Sandning:<\/strong>\u00a0Gunnar Skogh<br \/>\n<strong>Kantklippning:<\/strong> Gunnar Skogh<\/p>\n<p><strong>Allm\u00e4nt underh\u00e5ll:<\/strong> G\u00f6ran Isaksson &amp; Gunnar Skogh.<br \/>\n<strong>Sopning:<\/strong> Habo kommun, p\u00e5 uppdrag utav styrelsen. Utf\u00f6res i april\/maj \u00e5rligen.<br \/>\n<strong>Asfalts-skador:<\/strong> V\u00e4gverket, med &#8221;snabelbilen&#8221;. P\u00e5 uppdrag utav styrelsen. Utf\u00f6res \u00e5rligen under maj-aug.<\/p>\n","protected":false},"excerpt":{"rendered":"<p>Ordf\u00f6rande Stellan Karlsson ebbarpsby@gmail.com Telefon 076 792 08 49 Kass\u00f6r Claes-Henric Arenblom Ordinarie ledam\u00f6ter G\u00f6ran Isaksson Gunnar Skogh Magnus Juv\u00e9n Suppleanter Per-Olof Arenblom Jonas Gustavsson V\u00e4gunderh\u00e5ll Sn\u00f6skottning: G\u00f6ran Isaksson Sandning:\u00a0Gunnar Skogh Kantklippning: Gunnar Skogh Allm\u00e4nt underh\u00e5ll: G\u00f6ran Isaksson &amp; Gunnar &hellip; <a href=\"http:\/\/ebbarpsby.se\/vag\/styrelsen\/\">Continue reading <span class=\"meta-nav\">&rarr;<\/span><\/a><\/p>\n","protected":false},"author":1,"featured_media":0,"parent":0,"menu_order":0,"comment_status":"closed","ping_status":"open","template":"onecolumn-page.php","meta":[],"_links":{"self":[{"href":"http:\/\/ebbarpsby.se\/vag\/wp-json\/wp\/v2\/pages\/7"}],"collection":[{"href":"http:\/\/ebbarpsby.se\/vag\/wp-json\/wp\/v2\/pages"}],"about":[{"href":"http:\/\/ebbarpsby.se\/vag\/wp-json\/wp\/v2\/types\/page"}],"author":[{"embeddable":true,"href":"http:\/\/ebbarpsby.se\/vag\/wp-json\/wp\/v2\/users\/1"}],"replies":[{"embeddable":true,"href":"http:\/\/ebbarpsby.se\/vag\/wp-json\/wp\/v2\/comments?post=7"}],"version-history":[{"count":3,"href":"http:\/\/ebbarpsby.se\/vag\/wp-json\/wp\/v2\/pages\/7\/revisions"}],"predecessor-version":[{"id":277,"href":"http:\/\/ebbarpsby.se\/vag\/wp-json\/wp\/v2\/pages\/7\/revisions\/277"}],"wp:attachment":[{"href":"http:\/\/ebbarpsby.se\/vag\/wp-json\/wp\/v2\/media?parent=7"}],"curies":[{"name":"wp","href":"https:\/\/api.w.org\/{rel}","templated":true}]}}